{"id":105,"date":"2015-12-24T02:04:51","date_gmt":"2015-12-24T01:04:51","guid":{"rendered":"http:\/\/rulez.lansin.de\/?page_id=105"},"modified":"2025-02-18T21:24:56","modified_gmt":"2025-02-18T20:24:56","slug":"catering","status":"publish","type":"page","link":"https:\/\/www.lansin.de\/index.php\/catering\/","title":{"rendered":"Catering"},"content":{"rendered":"<h4><strong>Pizza &amp; Pasta<\/strong><\/h4>\n<p>Zur LANSIN wird euch das Team rund um Pizza-Mafiosi Guiseppe\u00a0 mit ihrem mitgebrachten Pizzaofen bekochen. Sie werden ab Freitag in die Hallenk\u00fcche einziehen und dort Pizzen (nach euren W\u00fcnschen belegt) und Nudelgerichte <b>direkt und frisch<\/b> zubereiten. F\u00fcr euch hei\u00dft das, dass ihr nach ein paar Minuten warten eure Pizza dampfend in den H\u00e4nden halten werdet. Zu Sto\u00dfzeiten eben auch mal ein paar Minuten mehr. Der Bestell- und Ausgabeprozess wird jedoch stetig optimiert, so dass wir seit ein paar LANSINs auch keine Hungertoten mehr zu beklagen haben&#8230; \ud83d\ude09<\/p>\n<p><em>Verkaufszeiten:<\/em><\/p>\n<p>Freitag von ~19.00 Uhr bis ~01.00 Uhr<br \/>\nSamstag von ~19.00 Uhr bis ~01.00 Uhr<\/p>\n<p>&nbsp;<\/p>\n<h4><strong>Fr\u00fchst\u00fcck, Wei\u00dfwurst, Leberk\u00e4se &amp; Co.<\/strong><\/h4>\n<p>F\u00fcr Abwechslung auf dem Speiseplan sorgen wir mit Wei\u00dfwurstfr\u00fchst\u00fcck und einer Auswahl an nicht-italienischen Speisen am Samstag Mittag. Eine vegetarische Option ist mit am Start.<\/p>\n<p><em>Verkaufszeiten:<\/em><\/p>\n<p>Samstag von 08.00 Uhr (Fr\u00fchst\u00fcck) bis ~15.00 Uhr<\/p>\n<p>Wei\u00dfwurstf\u00fchst\u00fcck ab 09.30 Uhr<\/p>\n<p>&nbsp;<\/p>\n<h4><strong>Barbetrieb<\/strong><\/h4>\n<p>Die Bar ist t\u00e4glich ab ~18.30 Uhr ge\u00f6ffnet. Opend End. Gek\u00fchlte Getr\u00e4nke aller Art werden &#8211; wie gewohnt &#8211; rund um die Uhr kauft.<\/p>\n<p>&nbsp;<\/p>\n<h4><b>Anmerkung in eigener Sache<\/b><\/h4>\n<p>Wir versuchen euch eine gute Auswahl und sehr gute Qualit\u00e4t zu einem guten Preis zu bieten. Generell ist es eine Herausforderung, ein Vor-Ort-Catering mit entsprechendem Personal- und Wareneinsatz stemmen zu k\u00f6nnen. Funktionieren kann dies dauerhaft nur dann, wenn auch ein entsprechender Umsatz erwirtschaftet wird. Es liegt also an euch, dieses Angebot zu nutzen und somit auch f\u00fcr dessen Weiterbestehen zu sorgen. Auch wenn ihr bei euch zu Hause nat\u00fcrlich alles billiger und gr\u00f6\u00dfer bekommt als bei uns &#8230; behaltet es f\u00fcr euch \ud83d\ude09<\/p>\n","protected":false},"excerpt":{"rendered":"<p>Pizza &amp; Pasta Zur LANSIN wird euch das Team rund um Pizza-Mafiosi Guiseppe\u00a0 mit ihrem mitgebrachten Pizzaofen bekochen. Sie werden ab Freitag in die Hallenk\u00fcche einziehen und dort Pizzen (nach euren W\u00fcnschen belegt) und Nudelgerichte direkt und frisch zubereiten. F\u00fcr euch hei\u00dft das, dass ihr nach ein paar Minuten warten eure Pizza dampfend in den [&hellip;]<\/p>\n","protected":false},"author":2,"featured_media":195,"parent":0,"menu_order":0,"comment_status":"closed","ping_status":"closed","template":"","meta":{"spay_email":""},"jetpack_shortlink":"https:\/\/wp.me\/P74xKv-1H","_links":{"self":[{"href":"https:\/\/www.lansin.de\/index.php\/wp-json\/wp\/v2\/pages\/105"}],"collection":[{"href":"https:\/\/www.lansin.de\/index.php\/wp-json\/wp\/v2\/pages"}],"about":[{"href":"https:\/\/www.lansin.de\/index.php\/wp-json\/wp\/v2\/types\/page"}],"author":[{"embeddable":true,"href":"https:\/\/www.lansin.de\/index.php\/wp-json\/wp\/v2\/users\/2"}],"replies":[{"embeddable":true,"href":"https:\/\/www.lansin.de\/index.php\/wp-json\/wp\/v2\/comments?post=105"}],"version-history":[{"count":18,"href":"https:\/\/www.lansin.de\/index.php\/wp-json\/wp\/v2\/pages\/105\/revisions"}],"predecessor-version":[{"id":1569,"href":"https:\/\/www.lansin.de\/index.php\/wp-json\/wp\/v2\/pages\/105\/revisions\/1569"}],"wp:featuredmedia":[{"embeddable":true,"href":"https:\/\/www.lansin.de\/index.php\/wp-json\/wp\/v2\/media\/195"}],"wp:attachment":[{"href":"https:\/\/www.lansin.de\/index.php\/wp-json\/wp\/v2\/media?parent=105"}],"curies":[{"name":"wp","href":"https:\/\/api.w.org\/{rel}","templated":true}]}}