{"id":110,"date":"2015-12-24T02:06:46","date_gmt":"2015-12-24T01:06:46","guid":{"rendered":"http:\/\/rulez.lansin.de\/?page_id=110"},"modified":"2025-02-18T21:41:57","modified_gmt":"2025-02-18T20:41:57","slug":"lansinn-faq","status":"publish","type":"page","link":"https:\/\/www.lansin.de\/index.php\/lansinn-faq\/","title":{"rendered":"LANSIN-FAQ"},"content":{"rendered":"<h4><strong>Anmeldung &amp; Bezahlung<\/strong><\/h4>\n<p>Sobald Du angemeldet bist, erscheinst Du auf der Teilnehmerliste und bekommst automatisch von uns eine Mail mit der Anmeldebest\u00e4tigung und den Kontodaten. Du bist erst dann &#8222;offiziell&#8220; Teilnehmer und kannst Dir einen Sitzplatz reservieren, wenn Du \u00fcberwiesen hast.<\/p>\n<p><b>Bitte gib bei Deiner \u00dcberweisung folgendes an:<br \/>\n<\/b><em>LANSIN [Nr.] [nickname ohne sonderzeichen] [vorname name]<b><br \/>\n<\/b><\/em><br \/>\nBei <strong>Sammel\u00fcberweisungen<\/strong> bitte die Namen aller Teilnehmer in der \u00dcberweisung angeben. Idealerweise parallel noch eine Mail an uns schreiben.<\/p>\n<p>Wir checken das Konto regelm\u00e4\u00dfig. Nachfragen wie &#8222;ist mein Geld schon da?&#8220; sind also zwecklos. Wenn&#8217;s da w\u00e4re, w\u00e4rt ihr bereits freigeschaltet.<\/p>\n<p>G\u00e4ste, die aus Gr\u00fcnden gerne zwei oder mehr Pl\u00e4tze belegen (und bezahlen!) melden sich bitte je Platz mit einem eigenen Account an. Das erleichtert uns Handling und Planung immens.<\/p>\n<h4><strong>18 Jahre<\/strong><\/h4>\n<p>LANSIN-Lanparty-Veranstaltungen sind nur f\u00fcr vollj\u00e4hrige Personen zug\u00e4nglich. Einverst\u00e4ndniserkl\u00e4rungen bei Minderj\u00e4hrigen werden nicht akzeptiert.<\/p>\n<h4><strong>Strom &amp; Ger\u00e4te<\/strong><\/h4>\n<p>Wir sehen f\u00fcr <b>JEDEN<\/b> Teilnehmer <b>EINEN<\/b> Steckplatz in unseren orange markierten LANSIN \u2122 Steckdosen vor, die wir unter die Tische verlegen. Bring Dir unbedingt eine <b>eigene Mehrfachsteckdose<\/b> mit. Wir sehen f\u00fcr jeden Teilnehmer eine handels\u00fcbliche Hardwareausstattung vor, die typischerweise aus einem Rechner, einem Monitor und etwas Peripherie (Maus, Tastatur, Joystick, Lenkrad, Gamepad&#8230;) besteht. Weitere Hardware, bspw. Zweitrechner, Spielkonsolen sind NICHT am Platz zu gelassen. Server k\u00f6nnen im daf\u00fcr vorgesehenen Serverbereich auf der Orgab\u00fchne betrieben werden.<\/p>\n<p><strong>K\u00fcchenequipment<\/strong> aller Art (K\u00fchlschr\u00e4nke, Mikrowellen, Backofen, Toaster) ist <strong>NICHT<\/strong> zul\u00e4ssig. Bei Unklarheiten melde Dich vorab bei uns.<\/p>\n<h4><strong>Internet<\/strong><\/h4>\n<p>Wir verf\u00fcgen \u00fcber zwei schnelle und redundante KabelBW-Anbindungen, die wir \u00fcber unsere Firewall-\/Proxyl\u00f6sung auch den Teilnehmern zur Verf\u00fcgung stellen. Bei Lastspitzen behalten wir uns vor, den Traffic entsprechend zu priorisieren und\/oder einzuschr\u00e4nken (Turnierspiele &gt; Sonstige Spiele &gt; Sonstiger Traffic). Bitte beachte, dass die Internetverf\u00fcgbarkeit kein Versprechen darstellt. Wir tun alles daf\u00fcr, dass es funktioniert. Du solltest Dich aber nicht darauf verlassen.<\/p>\n<h4><strong>Was erwartet Dich auf der LANSIN und welche Aktivit\u00e4ten rund um die LANSIN gibt es noch?<\/strong><\/h4>\n<p>Wir organisieren eine lanPARTY, Betonung d\u00fcrfte klar sein. Eine LANSIN ist ein entspanntes Wochenende unter Freunden und Gleichgesinnten. Wir spielen gemeinsam Spiele, trinken gemeinsam an der Bar und haben zusammen Spa\u00df. Wenn das Deiner Vorstellung von einem guten Wochenende entspricht, dann herzlich Willkommen bei uns!<\/p>\n<p>&nbsp;<\/p>\n","protected":false},"excerpt":{"rendered":"<p>Anmeldung &amp; Bezahlung Sobald Du angemeldet bist, erscheinst Du auf der Teilnehmerliste und bekommst automatisch von uns eine Mail mit der Anmeldebest\u00e4tigung und den Kontodaten. Du bist erst dann &#8222;offiziell&#8220; Teilnehmer und kannst Dir einen Sitzplatz reservieren, wenn Du \u00fcberwiesen hast. Bitte gib bei Deiner \u00dcberweisung folgendes an: LANSIN [Nr.] [nickname ohne sonderzeichen] [vorname name] [&hellip;]<\/p>\n","protected":false},"author":2,"featured_media":0,"parent":0,"menu_order":0,"comment_status":"closed","ping_status":"closed","template":"","meta":{"spay_email":""},"jetpack_shortlink":"https:\/\/wp.me\/P74xKv-1M","_links":{"self":[{"href":"https:\/\/www.lansin.de\/index.php\/wp-json\/wp\/v2\/pages\/110"}],"collection":[{"href":"https:\/\/www.lansin.de\/index.php\/wp-json\/wp\/v2\/pages"}],"about":[{"href":"https:\/\/www.lansin.de\/index.php\/wp-json\/wp\/v2\/types\/page"}],"author":[{"embeddable":true,"href":"https:\/\/www.lansin.de\/index.php\/wp-json\/wp\/v2\/users\/2"}],"replies":[{"embeddable":true,"href":"https:\/\/www.lansin.de\/index.php\/wp-json\/wp\/v2\/comments?post=110"}],"version-history":[{"count":15,"href":"https:\/\/www.lansin.de\/index.php\/wp-json\/wp\/v2\/pages\/110\/revisions"}],"predecessor-version":[{"id":1574,"href":"https:\/\/www.lansin.de\/index.php\/wp-json\/wp\/v2\/pages\/110\/revisions\/1574"}],"wp:attachment":[{"href":"https:\/\/www.lansin.de\/index.php\/wp-json\/wp\/v2\/media?parent=110"}],"curies":[{"name":"wp","href":"https:\/\/api.w.org\/{rel}","templated":true}]}}