{"id":39,"date":"2015-12-20T20:12:22","date_gmt":"2015-12-20T19:12:22","guid":{"rendered":"http:\/\/rulez.lansin.de\/?page_id=39"},"modified":"2025-03-03T15:58:16","modified_gmt":"2025-03-03T14:58:16","slug":"raeumlichkeiten_tsv","status":"publish","type":"page","link":"https:\/\/www.lansin.de\/index.php\/raeumlichkeiten_tsv\/","title":{"rendered":"R\u00e4umlichkeiten"},"content":{"rendered":"<p>Wir sind wieder zur\u00fcck in Bartholom\u00e4 &#8211; back to the roots!<\/p>\n<p><em>Im Schopf 35<\/em><br \/>\n<em>73566 Bartholom\u00e4<\/em><\/p>\n<p>Die Halle ist eine typische Sporthalle, gelegen in l\u00e4ndlichem Umfeld. Die Platzverh\u00e4ltnisse sind f\u00fcr die geplanten Teilnehmerzahlen recht gro\u00dfz\u00fcgig. Es gibt neben der &#8222;Hauptarena&#8220; eine B\u00fchne, ein Clubheim (aka Bar).<\/p>\n<p>Es gibt WCs, die M\u00f6glichkeit zu Duschen und ausreichend Parkpl\u00e4tze rund um die Halle bzw. im nahen Umfeld. Eine gro\u00dfe K\u00fcche erm\u00f6glicht es uns, euch das ganze Wochenende zu versorgen.<\/p>\n<p>Die LANSIN-Halle ist auf der Hauptebene (Zugang, Eingang, Toiletten, Bar, K\u00fcche, Sitzpl\u00e4tze) <strong>barrierefrei<\/strong> erreichbar.<\/p>\n<h2><\/h2>\n<h2>Schlafm\u00f6glichkeiten &amp; \u00dcbernachtungsangebote<\/h2>\n<p><strong>Schlafm\u00f6glichkeiten<\/strong> sind in der Location nur <strong>extrem eingeschr\u00e4nkt<\/strong> vorhanden &#8211; ca. max. 20 Pl\u00e4tze. Ihr k\u00f6nnt in euren Fahrzeugen n\u00e4chtigen oder eines der lokalen \u00dcbernachtungsangebote nutzen. Wir haben euch die wichtigsten Angebote hier gelistet. Bitte Anfrage\/Buchung eigenst\u00e4ndig vornehmen.<\/p>\n<p><strong>STB Campus Bartholom\u00e4<br \/>\n<\/strong><a href=\"https:\/\/www.stbcampus.org\/preise\/\" target=\"_blank\" rel=\"noopener\">https:\/\/www.stbcampus.org\/preise\/<\/a><strong><br \/>\n<\/strong>Einzel- oder Doppelzimmer. Zu laufen von der Veranstaltung ca. 13 Minuten.<\/p>\n<p><b>Campingplatz Amalienhof<br \/>\n<\/b><a href=\"https:\/\/www.campingplatz-amalienhof.de\/\" target=\"_blank\" rel=\"noopener\">https:\/\/www.campingplatz-amalienhof.de\/<\/a><b><br \/>\n<\/b>F\u00fcr Zelte, Wohnwangen, Camper&#8230; zu Fu\u00df ca. 20 Minuten.<\/p>\n<p><strong>Landhotel Wental<\/strong><br \/>\nMit Auto zu erreichen (5 min.)<br \/>\n<a href=\"https:\/\/www.wental.de\/de\/zimmer-preise\/zimmer-preise.html\" target=\"_blank\" rel=\"noopener\">https:\/\/www.wental.de\/de\/zimmer-preise\/zimmer-preise.html<\/a><\/p>\n<p><strong>\u00dcbernachtungsangebote der Scheunenwirtin (verschiedene Wohnungen\/Zimmer)<br \/>\n<\/strong>Teilweise in Laufweite, teilweise nur mit Auto zu erreichen (5 min.)<br \/>\n<a href=\"https:\/\/scheunenwirtin.de\/wohnen\" target=\"_blank\" rel=\"noopener\">https:\/\/scheunenwirtin.de\/wohnen<\/a><br \/>\nEs gibt jeweils noch 2 Klappmatrazen in den Haeusern, Preisindikation (unter Vorbehalt):<br \/>\nMessmerhaus 3DZ 290 Euro<br \/>\nZeigerhof 4DZ 460 Euro<br \/>\nWeisse Eule 4DZ 520 Euro<br \/>\nWaldberg 7DZ DZ 100 Euro, EZ 80 Euro<\/p>\n","protected":false},"excerpt":{"rendered":"<p>Wir sind wieder zur\u00fcck in Bartholom\u00e4 &#8211; back to the roots! Im Schopf 35 73566 Bartholom\u00e4 Die Halle ist eine typische Sporthalle, gelegen in l\u00e4ndlichem Umfeld. Die Platzverh\u00e4ltnisse sind f\u00fcr die geplanten Teilnehmerzahlen recht gro\u00dfz\u00fcgig. Es gibt neben der &#8222;Hauptarena&#8220; eine B\u00fchne, ein Clubheim (aka Bar). Es gibt WCs, die M\u00f6glichkeit zu Duschen und ausreichend [&hellip;]<\/p>\n","protected":false},"author":2,"featured_media":1572,"parent":0,"menu_order":0,"comment_status":"closed","ping_status":"closed","template":"","meta":{"spay_email":""},"jetpack_shortlink":"https:\/\/wp.me\/P74xKv-D","_links":{"self":[{"href":"https:\/\/www.lansin.de\/index.php\/wp-json\/wp\/v2\/pages\/39"}],"collection":[{"href":"https:\/\/www.lansin.de\/index.php\/wp-json\/wp\/v2\/pages"}],"about":[{"href":"https:\/\/www.lansin.de\/index.php\/wp-json\/wp\/v2\/types\/page"}],"author":[{"embeddable":true,"href":"https:\/\/www.lansin.de\/index.php\/wp-json\/wp\/v2\/users\/2"}],"replies":[{"embeddable":true,"href":"https:\/\/www.lansin.de\/index.php\/wp-json\/wp\/v2\/comments?post=39"}],"version-history":[{"count":16,"href":"https:\/\/www.lansin.de\/index.php\/wp-json\/wp\/v2\/pages\/39\/revisions"}],"predecessor-version":[{"id":1616,"href":"https:\/\/www.lansin.de\/index.php\/wp-json\/wp\/v2\/pages\/39\/revisions\/1616"}],"wp:featuredmedia":[{"embeddable":true,"href":"https:\/\/www.lansin.de\/index.php\/wp-json\/wp\/v2\/media\/1572"}],"wp:attachment":[{"href":"https:\/\/www.lansin.de\/index.php\/wp-json\/wp\/v2\/media?parent=39"}],"curies":[{"name":"wp","href":"https:\/\/api.w.org\/{rel}","templated":true}]}}