{"id":48,"date":"2015-12-20T20:23:42","date_gmt":"2015-12-20T19:23:42","guid":{"rendered":"http:\/\/rulez.lansin.de\/?page_id=48"},"modified":"2018-05-24T12:26:41","modified_gmt":"2018-05-24T10:26:41","slug":"impressum","status":"publish","type":"page","link":"https:\/\/www.lansin.de\/index.php\/impressum\/","title":{"rendered":"Impressum"},"content":{"rendered":"<p><strong>LANSIN e.V.<\/strong><br \/>\n<strong> Vereinsregisternr. 700947<\/strong><br \/>\n<strong> Eingetragen beim Amtsgericht Ulm<br \/>\n<\/strong><\/p>\n<p>&nbsp;<\/p>\n<p>Marko Langer<br \/>\n73566 Bartholom\u00e4<br \/>\nemail: icetea @ lansin.de<\/p>\n<p>Matthias Ochs<br \/>\nMI 48170 Plymouth, USA<br \/>\nemail: fallout @ lansin.de<\/p>\n<p>Michael Ochs<br \/>\n73566 Bartholom\u00e4<br \/>\nemail: illu @ lansin.de<\/p>\n<p>Trotz sorgf\u00e4ltiger inhaltlicher Kontrolle \u00fcbernehmen wir keine Haftung f\u00fcr die Inhalte externer Links. F\u00fcr die Inhalte der verlinkten Seiten sind ausschlie\u00dflich deren Betreiber verantwortlich.<\/p>\n<p>&nbsp;<\/p>\n<p><strong>Datenschutz<\/strong><\/p>\n<p>Die Nutzung unserer Webseite ist in der Regel ohne Angabe personenbezogener Daten m\u00f6glich. Soweit auf unseren Seiten personenbezogene Daten (beispielsweise Name, Anschrift oder E-Mail-Adressen) erhoben werden, erfolgt dies, soweit m\u00f6glich, stets auf freiwilliger Basis. Diese Daten werden ohne Ihre ausdr\u00fcckliche Zustimmung nicht an Dritte weitergegeben.<\/p>\n<p>Details regelt unser <a href=\"https:\/\/www.lansin.de\/index.php\/datenschutz\/\">Datenschutz<\/a>-Seite.<\/p>\n<p>Wir weisen darauf hin, dass die Daten\u00fcbertragung im Internet (z.B. bei der Kommunikation per E-Mail) Sicherheitsl\u00fccken aufweisen kann. Ein l\u00fcckenloser Schutz der Daten vor dem Zugriff durch Dritte ist nicht m\u00f6glich.<\/p>\n<p><strong>Widerspruch Werbe-Mails<\/strong><\/p>\n<p>Der Nutzung von im Rahmen der Impressumspflicht ver\u00f6ffentlichten Kontaktdaten zur \u00dcbersendung von nicht ausdr\u00fccklich angeforderter Werbung und Informationsmaterialien wird hiermit widersprochen. Die Betreiber der Seiten behalten sich ausdr\u00fccklich rechtliche Schritte im Falle der unverlangten Zusendung von Werbeinformationen, etwa durch Spam-E-Mails, vor.<\/p>\n<p>&nbsp;<\/p>\n<p>&nbsp;<\/p>\n","protected":false},"excerpt":{"rendered":"<p>LANSIN e.V. Vereinsregisternr. 700947 Eingetragen beim Amtsgericht Ulm &nbsp; Marko Langer 73566 Bartholom\u00e4 email: icetea @ lansin.de Matthias Ochs MI 48170 Plymouth, USA email: fallout @ lansin.de Michael Ochs 73566 Bartholom\u00e4 email: illu @ lansin.de Trotz sorgf\u00e4ltiger inhaltlicher Kontrolle \u00fcbernehmen wir keine Haftung f\u00fcr die Inhalte externer Links. F\u00fcr die Inhalte der verlinkten Seiten sind [&hellip;]<\/p>\n","protected":false},"author":2,"featured_media":0,"parent":0,"menu_order":0,"comment_status":"closed","ping_status":"closed","template":"","meta":{"spay_email":""},"jetpack_shortlink":"https:\/\/wp.me\/P74xKv-M","_links":{"self":[{"href":"https:\/\/www.lansin.de\/index.php\/wp-json\/wp\/v2\/pages\/48"}],"collection":[{"href":"https:\/\/www.lansin.de\/index.php\/wp-json\/wp\/v2\/pages"}],"about":[{"href":"https:\/\/www.lansin.de\/index.php\/wp-json\/wp\/v2\/types\/page"}],"author":[{"embeddable":true,"href":"https:\/\/www.lansin.de\/index.php\/wp-json\/wp\/v2\/users\/2"}],"replies":[{"embeddable":true,"href":"https:\/\/www.lansin.de\/index.php\/wp-json\/wp\/v2\/comments?post=48"}],"version-history":[{"count":10,"href":"https:\/\/www.lansin.de\/index.php\/wp-json\/wp\/v2\/pages\/48\/revisions"}],"predecessor-version":[{"id":904,"href":"https:\/\/www.lansin.de\/index.php\/wp-json\/wp\/v2\/pages\/48\/revisions\/904"}],"wp:attachment":[{"href":"https:\/\/www.lansin.de\/index.php\/wp-json\/wp\/v2\/media?parent=48"}],"curies":[{"name":"wp","href":"https:\/\/api.w.org\/{rel}","templated":true}]}}