{"id":54,"date":"2015-12-21T00:14:25","date_gmt":"2015-12-20T23:14:25","guid":{"rendered":"http:\/\/rulez.lansin.de\/?page_id=54"},"modified":"2020-04-02T13:02:52","modified_gmt":"2020-04-02T11:02:52","slug":"lansin-e-v","status":"publish","type":"page","link":"https:\/\/www.lansin.de\/index.php\/lansin-e-v\/","title":{"rendered":"lansin e.v."},"content":{"rendered":"<p>Wir sind Erfinder, Gr\u00fcnder und Veranstalter der LANSIN Lanparty.<\/p>\n<p>Seit 2001 gibt es die LANSIN. Seit 2003 haben wir unser Hobby offiziell als e.V. gefestigt. Seitdem gibt es zweimal im Jahr eine LANSIN und wir freuen uns stets aufs Neue, die alten K\u00e4mpfer, liebgewonnene Nerds und immer wieder auch neue Gesichter zu unseren Veranstaltungen begr\u00fc\u00dfen zu d\u00fcrfen.<\/p>\n<p><a href=\"https:\/\/i2.wp.com\/lansin.de\/wp-content\/uploads\/2015\/12\/lansinev_gruppenbild-e1451236974896.jpg?ssl=1\" rel=\"attachment wp-att-216\"><img data-attachment-id=\"216\" data-permalink=\"https:\/\/www.lansin.de\/index.php\/lansin-e-v\/lansinev_gruppenbild\/\" data-orig-file=\"https:\/\/i1.wp.com\/www.lansin.de\/wp-content\/uploads\/2015\/12\/lansinev_gruppenbild-e1451236974896.jpg?fit=1023%2C689&amp;ssl=1\" data-orig-size=\"1023,689\" data-comments-opened=\"1\" data-image-meta=\"{&quot;aperture&quot;:&quot;4&quot;,&quot;credit&quot;:&quot;&quot;,&quot;camera&quot;:&quot;Canon IXUS 220HS&quot;,&quot;caption&quot;:&quot;&quot;,&quot;created_timestamp&quot;:&quot;1436640359&quot;,&quot;copyright&quot;:&quot;&quot;,&quot;focal_length&quot;:&quot;6.99&quot;,&quot;iso&quot;:&quot;200&quot;,&quot;shutter_speed&quot;:&quot;0.01&quot;,&quot;title&quot;:&quot;&quot;,&quot;orientation&quot;:&quot;1&quot;}\" data-image-title=\"lansinev_gruppenbild\" data-image-description=\"\" data-image-caption=\"\" data-medium-file=\"https:\/\/i1.wp.com\/www.lansin.de\/wp-content\/uploads\/2015\/12\/lansinev_gruppenbild-e1451236974896.jpg?fit=300%2C202&amp;ssl=1\" data-large-file=\"https:\/\/i1.wp.com\/www.lansin.de\/wp-content\/uploads\/2015\/12\/lansinev_gruppenbild-e1451236974896.jpg?fit=640%2C431&amp;ssl=1\" loading=\"lazy\" class=\"alignnone wp-image-216 size-full\" src=\"https:\/\/i1.wp.com\/www.lansin.de\/wp-content\/uploads\/2015\/12\/lansinev_gruppenbild-e1451236974896.jpg?resize=640%2C431&#038;ssl=1\" alt=\"lansinev_gruppenbild\" width=\"640\" height=\"431\" data-recalc-dims=\"1\" \/><\/a><br \/>\n<em>Das LANSIN Team<\/em><\/p>\n<p>&nbsp;<\/p>\n<table style=\"height: 330px;\" cellspacing=\"5\" cellpadding=\"5\">\n<tbody>\n<tr style=\"height: 22px;\">\n<td style=\"width: 94.25px; height: 22px;\"><strong>Lansin e.V.<\/strong><\/td>\n<td style=\"width: 100px; height: 22px;\"><\/td>\n<td style=\"width: 138.583px; height: 22px;\"><\/td>\n<\/tr>\n<tr style=\"height: 22px;\">\n<td style=\"width: 94.25px; height: 22px;\">IceTea<\/td>\n<td style=\"width: 100px; height: 22px;\">1. Vorstand<\/td>\n<td style=\"width: 138.583px; height: 22px;\">icetea @ lansin.de<\/td>\n<\/tr>\n<tr style=\"height: 22px;\">\n<td style=\"width: 94.25px; height: 22px;\">Fallout<\/td>\n<td style=\"width: 100px; height: 22px;\">2. Vorstand<\/td>\n<td style=\"width: 138.583px; height: 22px;\">fallout @ lansin.de<\/td>\n<\/tr>\n<tr style=\"height: 22px;\">\n<td style=\"width: 94.25px; height: 22px;\">Illu<\/td>\n<td style=\"width: 100px; height: 22px;\">Kassierer<\/td>\n<td style=\"width: 138.583px; height: 22px;\">illu @ lansin.de<\/td>\n<\/tr>\n<tr style=\"height: 22px;\">\n<td style=\"width: 94.25px; height: 22px;\">Wiki<\/td>\n<td style=\"width: 100px; height: 22px;\">Schriftf\u00fchrer<\/td>\n<td style=\"width: 138.583px; height: 22px;\">wiki @ lansin.de<\/td>\n<\/tr>\n<tr style=\"height: 22px;\">\n<td style=\"width: 94.25px; height: 22px;\">Medic<\/td>\n<td style=\"width: 100px; height: 22px;\"><\/td>\n<td style=\"width: 138.583px; height: 22px;\">medic @ lansin.de<\/td>\n<\/tr>\n<tr style=\"height: 22px;\">\n<td style=\"width: 94.25px; height: 22px;\">Spiekey<\/td>\n<td style=\"width: 100px; height: 22px;\"><\/td>\n<td style=\"width: 138.583px; height: 22px;\">spiekey @ lansin.de<\/td>\n<\/tr>\n<tr style=\"height: 20px;\">\n<td style=\"width: 94.25px; height: 22px;\"><\/td>\n<td style=\"width: 100px; height: 22px;\"><\/td>\n<td style=\"width: 138.583px; height: 22px;\"><\/td>\n<\/tr>\n<tr style=\"height: 22px;\">\n<td style=\"width: 94.25px; height: 22px;\"><strong>Orga-Team<\/strong><\/td>\n<td style=\"width: 100px; height: 22px;\"><\/td>\n<td style=\"width: 138.583px; height: 22px;\"><\/td>\n<\/tr>\n<tr style=\"height: 22px;\">\n<td style=\"width: 94.25px; height: 22px;\">Exudus<\/td>\n<td style=\"width: 100px; height: 22px;\"><\/td>\n<td style=\"width: 138.583px; height: 22px;\">exu @ lansin.de<\/td>\n<\/tr>\n<tr style=\"height: 22px;\">\n<td style=\"width: 94.25px; height: 22px;\">Mic<\/td>\n<td style=\"width: 100px; height: 22px;\"><\/td>\n<td style=\"width: 138.583px; height: 22px;\">mic @ lansin.de<\/td>\n<\/tr>\n<tr style=\"height: 22px;\">\n<td style=\"width: 94.25px; height: 22px;\">Vossi<\/td>\n<td style=\"width: 100px; height: 22px;\"><\/td>\n<td style=\"width: 138.583px; height: 22px;\"><\/td>\n<\/tr>\n<tr style=\"height: 22px;\">\n<td style=\"width: 94.25px; height: 22px;\"><\/td>\n<td style=\"width: 100px; height: 22px;\"><\/td>\n<td style=\"width: 138.583px; height: 22px;\"><\/td>\n<\/tr>\n<tr style=\"height: 22px;\">\n<td style=\"width: 94.25px; height: 22px;\"><strong>Hall of Fame<br \/>\n<\/strong><\/td>\n<td style=\"width: 100px; height: 22px;\"><\/td>\n<td style=\"width: 138.583px; height: 22px;\"><\/td>\n<\/tr>\n<tr style=\"height: 22px;\">\n<td style=\"width: 94.25px; height: 22px;\">Manson<\/td>\n<td style=\"width: 100px; height: 22px;\"><\/td>\n<td style=\"width: 138.583px; height: 22px;\"><\/td>\n<\/tr>\n<\/tbody>\n<\/table>\n<p>&nbsp;<\/p>\n<p><em>Impressionen aus den ersten 25 LANSIN-Events<\/em><\/p>\n<div class=\"embed-responsive embed-responsive-4by3\">\n<p><iframe loading=\"lazy\" class=\"embed-responsive-item\" src=\"https:\/\/www.youtube.com\/embed\/xujuec8q--8\" width=\"600\" height=\"400\" frameborder=\"0\" allowfullscreen=\"allowfullscreen\"><\/iframe><\/p>\n<\/div>\n<p>&nbsp;<\/p>\n<p><a href=\"https:\/\/lansin.de\/wp-content\/uploads\/2015\/12\/satzung.pdf\" target=\"_blank\" rel=\"noopener\">Die Satzung des Lansin e.V.<\/a> (pdf)<\/p>\n","protected":false},"excerpt":{"rendered":"<p>Wir sind Erfinder, Gr\u00fcnder und Veranstalter der LANSIN Lanparty. Seit 2001 gibt es die LANSIN. Seit 2003 haben wir unser Hobby offiziell als e.V. gefestigt. Seitdem gibt es zweimal im Jahr eine LANSIN und wir freuen uns stets aufs Neue, die alten K\u00e4mpfer, liebgewonnene Nerds und immer wieder auch neue Gesichter zu unseren Veranstaltungen begr\u00fc\u00dfen [&hellip;]<\/p>\n","protected":false},"author":2,"featured_media":0,"parent":0,"menu_order":0,"comment_status":"closed","ping_status":"closed","template":"","meta":{"spay_email":""},"jetpack_shortlink":"https:\/\/wp.me\/P74xKv-S","_links":{"self":[{"href":"https:\/\/www.lansin.de\/index.php\/wp-json\/wp\/v2\/pages\/54"}],"collection":[{"href":"https:\/\/www.lansin.de\/index.php\/wp-json\/wp\/v2\/pages"}],"about":[{"href":"https:\/\/www.lansin.de\/index.php\/wp-json\/wp\/v2\/types\/page"}],"author":[{"embeddable":true,"href":"https:\/\/www.lansin.de\/index.php\/wp-json\/wp\/v2\/users\/2"}],"replies":[{"embeddable":true,"href":"https:\/\/www.lansin.de\/index.php\/wp-json\/wp\/v2\/comments?post=54"}],"version-history":[{"count":38,"href":"https:\/\/www.lansin.de\/index.php\/wp-json\/wp\/v2\/pages\/54\/revisions"}],"predecessor-version":[{"id":1266,"href":"https:\/\/www.lansin.de\/index.php\/wp-json\/wp\/v2\/pages\/54\/revisions\/1266"}],"wp:attachment":[{"href":"https:\/\/www.lansin.de\/index.php\/wp-json\/wp\/v2\/media?parent=54"}],"curies":[{"name":"wp","href":"https:\/\/api.w.org\/{rel}","templated":true}]}}