{"id":59,"date":"2015-12-21T00:29:58","date_gmt":"2015-12-20T23:29:58","guid":{"rendered":"http:\/\/rulez.lansin.de\/?page_id=59"},"modified":"2025-02-18T21:54:46","modified_gmt":"2025-02-18T20:54:46","slug":"anfahrt","status":"publish","type":"page","link":"https:\/\/www.lansin.de\/index.php\/anfahrt\/","title":{"rendered":"Anfahrt"},"content":{"rendered":"<p><iframe loading=\"lazy\" src=\"https:\/\/www.google.com\/maps\/embed?pb=!1m18!1m12!1m3!1d1285.367924769!2d9.985713341196075!3d48.75008101704985!2m3!1f0!2f0!3f0!3m2!1i1024!2i768!4f13.1!3m3!1m2!1s0x47990fc29e20c97f%3A0x1d616946433f3aca!2sTSV%20Bartholom%C3%A4%20e.V.!5e1!3m2!1sde!2sde!4v1739909935867!5m2!1sde!2sde\" width=\"600\" height=\"450\" allowfullscreen=\"allowfullscreen\" data-mce-fragment=\"1\"><\/iframe><\/p>\n<p><strong>Adresse:<\/strong><br \/>\nIm Schopf 35<br \/>\n73566 Bartholom\u00e4<\/p>\n<p>&nbsp;<\/p>\n<p><strong>\u00dcbersicht Parkfl\u00e4chen:<\/strong><\/p>\n<p><img data-attachment-id=\"1565\" data-permalink=\"https:\/\/www.lansin.de\/index.php\/anfahrt_tsv\/bartholomae_parken\/\" data-orig-file=\"https:\/\/i0.wp.com\/www.lansin.de\/wp-content\/uploads\/2025\/02\/bartholomae_parken.png?fit=1313%2C877&amp;ssl=1\" data-orig-size=\"1313,877\" data-comments-opened=\"1\" data-image-meta=\"{&quot;aperture&quot;:&quot;0&quot;,&quot;credit&quot;:&quot;&quot;,&quot;camera&quot;:&quot;&quot;,&quot;caption&quot;:&quot;&quot;,&quot;created_timestamp&quot;:&quot;0&quot;,&quot;copyright&quot;:&quot;&quot;,&quot;focal_length&quot;:&quot;0&quot;,&quot;iso&quot;:&quot;0&quot;,&quot;shutter_speed&quot;:&quot;0&quot;,&quot;title&quot;:&quot;&quot;,&quot;orientation&quot;:&quot;0&quot;}\" data-image-title=\"bartholom\u00e4_parken\" data-image-description=\"\" data-image-caption=\"\" data-medium-file=\"https:\/\/i0.wp.com\/www.lansin.de\/wp-content\/uploads\/2025\/02\/bartholomae_parken.png?fit=300%2C200&amp;ssl=1\" data-large-file=\"https:\/\/i0.wp.com\/www.lansin.de\/wp-content\/uploads\/2025\/02\/bartholomae_parken.png?fit=640%2C428&amp;ssl=1\" loading=\"lazy\" class=\"aligncenter size-large wp-image-1565\" src=\"https:\/\/i0.wp.com\/www.lansin.de\/wp-content\/uploads\/2025\/02\/bartholomae_parken.png?resize=640%2C428&#038;ssl=1\" alt=\"\" width=\"640\" height=\"428\" srcset=\"https:\/\/i0.wp.com\/www.lansin.de\/wp-content\/uploads\/2025\/02\/bartholomae_parken.png?resize=1024%2C684&amp;ssl=1 1024w, https:\/\/i0.wp.com\/www.lansin.de\/wp-content\/uploads\/2025\/02\/bartholomae_parken.png?resize=300%2C200&amp;ssl=1 300w, https:\/\/i0.wp.com\/www.lansin.de\/wp-content\/uploads\/2025\/02\/bartholomae_parken.png?resize=768%2C513&amp;ssl=1 768w, https:\/\/i0.wp.com\/www.lansin.de\/wp-content\/uploads\/2025\/02\/bartholomae_parken.png?w=1313&amp;ssl=1 1313w\" sizes=\"(max-width: 640px) 100vw, 640px\" data-recalc-dims=\"1\" \/><\/p>\n","protected":false},"excerpt":{"rendered":"<p>Adresse: Im Schopf 35 73566 Bartholom\u00e4 &nbsp; \u00dcbersicht Parkfl\u00e4chen:<\/p>\n","protected":false},"author":2,"featured_media":0,"parent":0,"menu_order":0,"comment_status":"closed","ping_status":"closed","template":"","meta":{"spay_email":""},"jetpack_shortlink":"https:\/\/wp.me\/P74xKv-X","_links":{"self":[{"href":"https:\/\/www.lansin.de\/index.php\/wp-json\/wp\/v2\/pages\/59"}],"collection":[{"href":"https:\/\/www.lansin.de\/index.php\/wp-json\/wp\/v2\/pages"}],"about":[{"href":"https:\/\/www.lansin.de\/index.php\/wp-json\/wp\/v2\/types\/page"}],"author":[{"embeddable":true,"href":"https:\/\/www.lansin.de\/index.php\/wp-json\/wp\/v2\/users\/2"}],"replies":[{"embeddable":true,"href":"https:\/\/www.lansin.de\/index.php\/wp-json\/wp\/v2\/comments?post=59"}],"version-history":[{"count":10,"href":"https:\/\/www.lansin.de\/index.php\/wp-json\/wp\/v2\/pages\/59\/revisions"}],"predecessor-version":[{"id":1579,"href":"https:\/\/www.lansin.de\/index.php\/wp-json\/wp\/v2\/pages\/59\/revisions\/1579"}],"wp:attachment":[{"href":"https:\/\/www.lansin.de\/index.php\/wp-json\/wp\/v2\/media?parent=59"}],"curies":[{"name":"wp","href":"https:\/\/api.w.org\/{rel}","templated":true}]}}